{"id":96,"date":"2010-12-05T17:21:52","date_gmt":"2010-12-05T16:21:52","guid":{"rendered":"http:\/\/prabhata.org\/wp50\/?page_id=96"},"modified":"2016-03-15T03:57:43","modified_gmt":"2016-03-15T02:57:43","slug":"professores","status":"publish","type":"page","link":"https:\/\/prabhata.org\/wp50\/quem-somos\/professores\/","title":{"rendered":"Professores"},"content":{"rendered":"<h3><a name=\"davidaveiro\"><\/a>David Aveiro<\/h3>\n<p><img loading=\"lazy\" class=\"alignleft\" style=\"margin-right: 10px;\" alt=\"\" src=\"http:\/\/prabhata.org\/anexar\/david.jpg\" width=\"150\" height=\"200\" \/><\/p>\n<p>Nascido na Madeira em 1979, \u00e9 um dos volunt\u00e1rios respons\u00e1veis pela g\u00e9nese da Ananda Marga na Madeira e o atual presidente da dire\u00e7\u00e3o da Associa\u00e7\u00e3o Prabh\u00e1ta. Em 2002 iniciou a pr\u00e1tica regular de Yoga, tendo iniciado a sua forma\u00e7\u00e3o em Ananda Marga Yoga, em Lisboa, em 2003. Desde finais de 2004 tem se dedicado ao ensino do Ananda Marga Yoga e \u00e0 coordena\u00e7\u00e3o de v\u00e1rios dos projetos deste movimento na ilha da Madeira como a feira <a href=\"http:\/\/madeiranatura.org\/2007\/\">Madeira Natura<\/a> e a <a href=\"http:\/\/prabhata.org\/wp50\/iniciativas\/educacao-neohumanista\">Educa\u00e7\u00e3o Neo-humanista<\/a>. No \u00e2mbito deste \u00faltimo projeto tem realizado aulas e workshops de yoga para crian\u00e7as em parceria com escolas e institui\u00e7\u00f5es regionais de interven\u00e7\u00e3o social, estando a obter forma\u00e7\u00e3o cont\u00ednua nesta \u00e1rea com a <a href=\"http:\/\/www.gurukul.edu\/\">Gurukul<\/a>: a rede internacional da Ananda Marga de institutos dedicados \u00e0 educa\u00e7\u00e3o, investiga\u00e7\u00e3o e servi\u00e7o social. Tem tamb\u00e9m obtido forma\u00e7\u00e3o cont\u00ednua no ensino de Ananda Marga Yoga, tendo participado nas confer\u00eancias da institui\u00e7\u00e3o global <a href=\"http:\/\/www.amaye.org\/\">Ananda Marga Association of Yoga Educators<\/a> em 2008, 2009 e 2010. Obteve os graus de Licenciado, Mestre e Doutor em Engenharia Inform\u00e1tica pelo Instituto Superior T\u00e9cnico da Universidade T\u00e9cnica de Lisboa. Atualmente \u00e9 Professor Auxiliar na Universidade da Madeira, lecionando as disciplinas de Engenharia Organizacional, Sistemas Gestores de Bases de Dados e Sistemas de Apoio \u00e0 Decis\u00e3o e orientando teses de mestrado, doutoramento e outros projetos de investiga\u00e7\u00e3o acad\u00e9mica.<\/p>\n<h3><a name=\"nunosilva\"><\/a>Nuno Silva<\/h3>\n<p><img loading=\"lazy\" class=\"alignleft\" style=\"margin-right: 10px;\" alt=\"\" src=\"http:\/\/prabhata.org\/anexar\/nuno.jpg\" width=\"150\" height=\"112\" \/>Nascido em 1983 no Funchal, \u00e9 volunt\u00e1rio da Associa\u00e7\u00e3o Prabh\u00e1ta desde a sua funda\u00e7\u00e3o (2008) e pertence \u00e0 atual dire\u00e7\u00e3o da associa\u00e7\u00e3o como tesoureiro. \u00c9 praticante de Ananda Marga Yoga desde 2006 e tem recebido forma\u00e7\u00e3o cont\u00ednua no ensino de Yoga desde 2008. Tem forma\u00e7\u00e3o em Cardiopneumologia pela Escola Superior de Tecnologias da Sa\u00fade do Porto e encontra-se, desde 2005, a exercer fun\u00e7\u00f5es no servi\u00e7o de Cardiologia no atual Hospital Dr. N\u00e9lio Mendon\u00e7a.<\/p>\n<h3>Margarida Mota<\/h3>\n<p><img loading=\"lazy\" class=\"alignleft\" style=\"margin-right: 10px;\" alt=\"\" src=\"http:\/\/prabhata.org\/anexar\/margarida.jpg\" width=\"150\" height=\"200\" \/>Nascida em 1978 em Mirandela, \u00e9 professora numa Escola P\u00fablica e \u00e9 membro da Associa\u00e7\u00e3o Prabhata, sendo presidente do Conselho Fiscal. \u00c9 professora auxiliar nas aulas de yoga para crian\u00e7as. \u00c9 tamb\u00e9m volunt\u00e1ria na organiza\u00e7\u00e3o de documenta\u00e7\u00e3o e contabilidade da Associa\u00e7\u00e3o. Licenciada no curso de professores do ensino b\u00e1sico do 1\u00ba ciclo, variante portugu\u00eas\/ingl\u00eas, reside na Madeira desde 2000 e \u00e9 praticante de Ananda Marga Yoga desde 2010.<\/p>\n","protected":false},"excerpt":{"rendered":"<p>David Aveiro Nascido na Madeira em 1979, \u00e9 um dos volunt\u00e1rios respons\u00e1veis pela g\u00e9nese da Ananda Marga na Madeira e o atual presidente da dire\u00e7\u00e3o da Associa\u00e7\u00e3o Prabh\u00e1ta. Em 2002 iniciou a pr\u00e1tica regular de Yoga, tendo iniciado a sua forma\u00e7\u00e3o em Ananda Marga Yoga, em Lisboa, em 2003. Desde finais de 2004 tem se&hellip;&nbsp;<a href=\"https:\/\/prabhata.org\/wp50\/quem-somos\/professores\/\" class=\"\" rel=\"bookmark\">Ler mais &raquo;<span class=\"screen-reader-text\">Professores<\/span><\/a><\/p>\n","protected":false},"author":1,"featured_media":0,"parent":23,"menu_order":1,"comment_status":"closed","ping_status":"closed","template":"","meta":{"neve_meta_sidebar":"","neve_meta_container":"","neve_meta_enable_content_width":"","neve_meta_content_width":0,"neve_meta_title_alignment":"","neve_meta_author_avatar":"","neve_post_elements_order":"","neve_meta_disable_header":"","neve_meta_disable_footer":"","neve_meta_disable_title":"","_themeisle_gutenberg_block_has_review":false,"_ti_tpc_template_sync":false,"_ti_tpc_template_id":""},"_links":{"self":[{"href":"https:\/\/prabhata.org\/wp50\/wp-json\/wp\/v2\/pages\/96"}],"collection":[{"href":"https:\/\/prabhata.org\/wp50\/wp-json\/wp\/v2\/pages"}],"about":[{"href":"https:\/\/prabhata.org\/wp50\/wp-json\/wp\/v2\/types\/page"}],"author":[{"embeddable":true,"href":"https:\/\/prabhata.org\/wp50\/wp-json\/wp\/v2\/users\/1"}],"replies":[{"embeddable":true,"href":"https:\/\/prabhata.org\/wp50\/wp-json\/wp\/v2\/comments?post=96"}],"version-history":[{"count":12,"href":"https:\/\/prabhata.org\/wp50\/wp-json\/wp\/v2\/pages\/96\/revisions"}],"predecessor-version":[{"id":1729,"href":"https:\/\/prabhata.org\/wp50\/wp-json\/wp\/v2\/pages\/96\/revisions\/1729"}],"up":[{"embeddable":true,"href":"https:\/\/prabhata.org\/wp50\/wp-json\/wp\/v2\/pages\/23"}],"wp:attachment":[{"href":"https:\/\/prabhata.org\/wp50\/wp-json\/wp\/v2\/media?parent=96"}],"curies":[{"name":"wp","href":"https:\/\/api.w.org\/{rel}","templated":true}]}}