{"id":63,"date":"2008-05-04T11:28:07","date_gmt":"2008-05-04T10:28:07","guid":{"rendered":"http:\/\/prabhata.org\/wp50\/?page_id=63"},"modified":"2011-03-14T05:02:17","modified_gmt":"2011-03-14T04:02:17","slug":"educacao-neohumanista","status":"publish","type":"page","link":"https:\/\/prabhata.org\/wp50\/iniciativas\/educacao-neohumanista\/","title":{"rendered":"Educa\u00e7\u00e3o Neohumanista"},"content":{"rendered":"<p>A Associa\u00e7\u00e3o Prabh\u00e1ta est\u00e1 a levar a cabo o Projecto \u201cEduca\u00e7\u00e3o Neohumanista na Madeira\u201d. Este sistema de educa\u00e7\u00e3o alternativa vai bem mais al\u00e9m do simples enriquecimento intelectual da crian\u00e7a e promove o desenvolvimento de todos os n\u00edveis da sua personalidade. A Educa\u00e7\u00e3o Neohumanista (ENH) reconhece a import\u00e2ncia da aprendizagem baseada no respeito e no amor e estimula a crian\u00e7a a estender a sua aten\u00e7\u00e3o para o bem-estar de todos os seres &#8211; para al\u00e9m dos humanos &#8211; tais como as plantas e os animais.<\/p>\n<p>O referido projecto pretende:<\/p>\n<ul>\n<li>A curto\/m\u00e9dio prazo, partilhar m\u00e9todos e ferramentas do sistema de ENH com os profissionais da \u00e1rea da educa\u00e7\u00e3o e realizar actividades para a popula\u00e7\u00e3o em geral<\/li>\n<li>A longo prazo, a abertura de um jardim de inf\u00e2ncia neo-humanista e, eventualmente, n\u00edveis seguintes de educa\u00e7\u00e3o, seguindo o que tem sido realizado em outras partes do mundo.<\/li>\n<\/ul>\n<p>Inserido no objectivo de curto\/m\u00e9dio prazo temos, como uma das actividades regulares, <a href=\"http:\/\/prabhata.org\/wp50\/actividades\/yoga-para-criancas\/\" target=\"_blank\">aulas de yoga para crian\u00e7as<\/a> e temos realizado, pontualmente, workshops de yoga para alunos e professores em v\u00e1rias escolas da Madeira. <a href=\"http:\/\/prabhata.org\/wp50\/contactos\/\">Contacte-nos<\/a> se tiver interesse na realiza\u00e7\u00e3o de um workshop na sua escola.<\/p>\n<p>Abaixo \u00e9 feita uma introdu\u00e7\u00e3o \u00e0 ENH e apresentadas liga\u00e7\u00f5es para p\u00e1ginas Internet com informa\u00e7\u00e3o adicional.<\/p>\n<h2>Educa\u00e7\u00e3o Neo-humanista<\/h2>\n<p>O curr\u00edculo da ENH encontra-se sistematizado e \u00e9 bastante amplo e diversificado, salientando-se a import\u00e2ncia de uma aprendizagem significativa em contacto com a natureza, com a estimula\u00e7\u00e3o para a express\u00e3o art\u00edstica das experi\u00eancias e aquisi\u00e7\u00f5es, no qual a pr\u00e1tica do Yoga \u00e9 parte estruturante.<\/p>\n<p>Objectivos espec\u00edficos:<\/p>\n<ul>\n<li>Desenvolver o potencial da crian\u00e7a como um todo, que inclui as capacidades f\u00edsicas, emocionais, intelectuais, \u00e9ticas, criativas e intuitivas.<\/li>\n<li>Desenvolver o bem-estar f\u00edsico e as capacidades mentais atrav\u00e9s do Yoga, medita\u00e7\u00e3o (t\u00e9cnicas de concentra\u00e7\u00e3o), desportos, jogos e outras actividades.<\/li>\n<li>Ajudar o crescimento pessoal em \u00e1reas como integridade, \u00e9tica auto-confian\u00e7a, auto-disciplina e coopera\u00e7\u00e3o.<\/li>\n<li>Despertar a sede pelo conhecimento e o amor pela aprendizagem.<\/li>\n<li>Dotar os alunos de compet\u00eancias acad\u00e9micas e pr\u00e1ticas, necess\u00e1rias para a vida e educa\u00e7\u00e3o superior.<\/li>\n<li>Desenvolver o sentido de est\u00e9tica e aprecia\u00e7\u00e3o da cultura e dotar os curr\u00edculos com literatura, arte, express\u00e3o dram\u00e1tica, m\u00fasica e dan\u00e7a.<\/li>\n<li>Incentivar uma perspectiva universal, acima de quaisquer discrimina\u00e7\u00f5es baseadas em religi\u00e3o, ra\u00e7a, credo ou g\u00e9nero e alimentar o respeito por todas as express\u00f5es culturais.<\/li>\n<li>Fomentar uma consci\u00eancia ecol\u00f3gica no seu sentido mais lato \u2013 interliga\u00e7\u00e3o de todas as coisas \u2013 e promover o respeito, cuidado e amor universal por todos os seres.<\/li>\n<li>Aplicar o que \u00e9 aprendido na vida pr\u00e1tica do dia-a-dia e incentivar os alunos a serem membros activos e respons\u00e1veis da sociedade.<\/li>\n<li>Reconhecer a import\u00e2ncia dos pais e educadores como exemplo.<\/li>\n<\/ul>\n<p><strong>Para mais informa\u00e7\u00f5es, visitar:<\/strong><\/p>\n<p class=\"rteindent1\">Neohumanist Education &#8211; <a href=\"http:\/\/nhe.gurukul.edu\/\" target=\"nhe\">http:\/\/nhe.gurukul.edu\/<\/a><br \/>\nAnanda Marga Gurukula &#8211; <a href=\"http:\/\/www.gurukul.edu\/\" target=\"gurukul\">http:\/\/www.gurukul.edu\/<\/a><\/p>\n","protected":false},"excerpt":{"rendered":"<p>A Associa\u00e7\u00e3o Prabh\u00e1ta est\u00e1 a levar a cabo o Projecto \u201cEduca\u00e7\u00e3o Neohumanista na Madeira\u201d. Este sistema de educa\u00e7\u00e3o alternativa vai bem mais al\u00e9m do simples enriquecimento intelectual da crian\u00e7a e promove o desenvolvimento de todos os n\u00edveis da sua personalidade. A Educa\u00e7\u00e3o Neohumanista (ENH) reconhece a import\u00e2ncia da aprendizagem baseada no respeito e no amor&hellip;&nbsp;<a href=\"https:\/\/prabhata.org\/wp50\/iniciativas\/educacao-neohumanista\/\" class=\"\" rel=\"bookmark\">Ler mais &raquo;<span class=\"screen-reader-text\">Educa\u00e7\u00e3o Neohumanista<\/span><\/a><\/p>\n","protected":false},"author":1,"featured_media":0,"parent":26,"menu_order":0,"comment_status":"closed","ping_status":"closed","template":"","meta":{"neve_meta_sidebar":"","neve_meta_container":"","neve_meta_enable_content_width":"","neve_meta_content_width":0,"neve_meta_title_alignment":"","neve_meta_author_avatar":"","neve_post_elements_order":"","neve_meta_disable_header":"","neve_meta_disable_footer":"","neve_meta_disable_title":"","_themeisle_gutenberg_block_has_review":false,"_ti_tpc_template_sync":false,"_ti_tpc_template_id":""},"_links":{"self":[{"href":"https:\/\/prabhata.org\/wp50\/wp-json\/wp\/v2\/pages\/63"}],"collection":[{"href":"https:\/\/prabhata.org\/wp50\/wp-json\/wp\/v2\/pages"}],"about":[{"href":"https:\/\/prabhata.org\/wp50\/wp-json\/wp\/v2\/types\/page"}],"author":[{"embeddable":true,"href":"https:\/\/prabhata.org\/wp50\/wp-json\/wp\/v2\/users\/1"}],"replies":[{"embeddable":true,"href":"https:\/\/prabhata.org\/wp50\/wp-json\/wp\/v2\/comments?post=63"}],"version-history":[{"count":1,"href":"https:\/\/prabhata.org\/wp50\/wp-json\/wp\/v2\/pages\/63\/revisions"}],"predecessor-version":[{"id":128,"href":"https:\/\/prabhata.org\/wp50\/wp-json\/wp\/v2\/pages\/63\/revisions\/128"}],"up":[{"embeddable":true,"href":"https:\/\/prabhata.org\/wp50\/wp-json\/wp\/v2\/pages\/26"}],"wp:attachment":[{"href":"https:\/\/prabhata.org\/wp50\/wp-json\/wp\/v2\/media?parent=63"}],"curies":[{"name":"wp","href":"https:\/\/api.w.org\/{rel}","templated":true}]}}