{"id":22,"date":"2008-02-22T17:35:26","date_gmt":"2008-02-22T16:35:26","guid":{"rendered":"http:\/\/prabhata.org\/wp50\/?page_id=22"},"modified":"2021-05-03T19:32:50","modified_gmt":"2021-05-03T18:32:50","slug":"dharmacakra","status":"publish","type":"page","link":"https:\/\/prabhata.org\/wp50\/actividades\/dharmacakra\/","title":{"rendered":"Medita\u00e7\u00e3o: sess\u00f5es colectivas"},"content":{"rendered":"<p>Na Ananda Marga, as sess\u00f5es de medita\u00e7\u00e3o colectiva t\u00eam o nome &#8211; em s\u00e2nscrito\u00a0&#8211; de\u00a0<strong>Dharmachakra<\/strong>. \u201cDharma\u201d significa realiza\u00e7\u00e3o da natureza mais profunda da nossa exist\u00eancia, ou seja, o esfor\u00e7o para o\u00a0nosso desenvolvimento de modo a alcan\u00e7armos felicidade e paz plenas.\u00a0\u201cChakra\u201d significa \u201ccentro ou roda de energia\u201d.\u00a0Na Ananda Marga, o Dharmachakra \u00e9\u00a0uma das pr\u00e1ticas centrais e\u00a0visa unir cora\u00e7\u00f5es e mentes, para que possamos, colectivamente, em harmonia, procurar uma sociedade mais humana e universal e, juntos, atingirmos a meta do Yoga de paz e\u00a0felicidade plenas.<\/p>\n<p>Os aspectos principais do Dharmachakra s\u00e3o a pr\u00e1tica de kiirtan (medita\u00e7\u00e3o din\u00e2mica com m\u00fasica e mantra), medita\u00e7\u00e3o colectiva e discuss\u00e3o em grupo de um texto ou tema espiritual.\u00a0A pr\u00e1tica colectiva gera uma\u00a0sinergia proveitosa para todos os que queiram aprofundar a sua pr\u00e1tica individual e obter mais efic\u00e1cia na mesma.\u00a0\u00c9 tamb\u00e9m um momento onde se desenvolve o conhecimento da filosofia e espiritualidade &#8211; Jinana Yoga &#8211; ingrediente essencial para a auto-realiza\u00e7\u00e3o.<\/p>\n<p>\u00c9 poss\u00edvel a participa\u00e7\u00e3o em tr\u00eas\u00a0tipos de sess\u00f5es de Dharmachakra que realizamos: introdut\u00f3rio &#8211; acess\u00edvel a qualquer pessoa, com ou sem experi\u00eancia; \u00a0interm\u00e9dio &#8211; acess\u00edvel a\u00a0participantes\u00a0que tenham conclu\u00eddo o M\u00f3dulo 1 do\u00a0<a href=\"http:\/\/prabhata.org\/wp50\/?page_id=20\">Curso de Yoga<\/a>\u00a0(ou o <a href=\"http:\/\/prabhata.org\/wp50\/actividades\/curso-de-meditacao\">Curso de Medita\u00e7\u00e3o<\/a>); e avan\u00e7ado &#8211; acess\u00edvel a pessoas que tenham conclu\u00eddo o M\u00f3dulo 2 do nosso Curso de Yoga ou participado nalgum dos nossos retiros.<\/p>\n<table style=\"text-align: left;\" border=\"0\" cellspacing=\"2\" cellpadding=\"2\">\n<tbody>\n<tr>\n<td style=\"vertical-align: top;\"><span style=\"font-weight: bold;\">Dharmachakra introdut\u00f3rio<\/span>\u00a0(Dura\u00e7\u00e3o: 0h25):<\/p>\n<ul>\n<li>10 min \u2013 Kiirtan<\/li>\n<li>10 min \u2013 T\u00e9cnicas de concentra\u00e7\u00e3o<\/li>\n<li>5 min \u2013 Medita\u00e7\u00e3o<\/li>\n<\/ul>\n<\/td>\n<td style=\"vertical-align: top;\"><span style=\"font-weight: bold;\">Dharmachakra interm\u00e9dio<\/span>\u00a0(Dura\u00e7\u00e3o: 1h00):<\/p>\n<ul>\n<li>40 min \u2013 Kiirtan<\/li>\n<li>15 min \u2013 Medita\u00e7\u00e3o<\/li>\n<li>5 min \u2013 Dharmashastra<\/li>\n<\/ul>\n<\/td>\n<td style=\"vertical-align: top;\"><span style=\"font-weight: bold;\">Dharmachakra avan\u00e7ado<\/span>\u00a0(Dura\u00e7\u00e3o 2h00 a 2h30):<\/p>\n<ul>\n<li>Karma Yoga<\/li>\n<li>Prabh\u00e1ta Samgiita<\/li>\n<li>C\u00edrculo do Cora\u00e7\u00e3o (opcional)<\/li>\n<li>Kiirtan<\/li>\n<li>Samgacchadvam<\/li>\n<li>S\u00e1dhana<\/li>\n<li>Varn\u00e1rghyad\u00e1na<\/li>\n<li>Dharmashastra<\/li>\n<li>Jantar (opcional)<\/li>\n<\/ul>\n<\/td>\n<\/tr>\n<\/tbody>\n<\/table>\n<h4>Rotina do Dharmachakra avan\u00e7ado e C\u00edrculo do Cora\u00e7\u00e3o com Kiirtan<\/h4>\n<p>Dependendo do hor\u00e1rio o Dharmachakra avan\u00e7ado pode incluir na sua rotina a pr\u00e1tica do C\u00edrculo do Cora\u00e7\u00e3o com Kiirtan. Nesta pr\u00e1tica \u00e9 formado um circulo onde as pessoas cantam colectivamente com a inten\u00e7\u00e3o de gerar o m\u00e1ximo amor e vibra\u00e7\u00f5es positivas. Esta energia \u00e9 projectada para o centro do circulo, onde fica um pequeno grupo pessoas. A ideia \u00e9 que todos passem pelo centro do circulo. Para muitos, a experi\u00eancia \u00e9 percepcionada com um grande sentimento de amor universal, funcionando como uma terapia que ajuda cada participante a ultrapassar dificuldades emocionais, facilitando uma maior expans\u00e3o da mente.<\/p>\n<p>Tipicamente come\u00e7amos a rotina do Dharmachakra com 15 a 30 minutos de karma yoga de prepara\u00e7\u00e3o da sala\/jantar (opcional) seguindo-se as pr\u00e1ticas usuais (lista acima e gloss\u00e1rio abaixo) com o C\u00edrculo do Cora\u00e7\u00e3o ap\u00f3s as can\u00e7\u00f5es do Novo Amanhecer.<\/p>\n<p><b>Gloss\u00e1rio<\/b>:<\/p>\n<ul>\n<li><span style=\"font-weight: bold;\">Kiirtan<\/span> &#8211; medita\u00e7\u00e3o din\u00e2mica com m\u00fasica e mantra<\/li>\n<li><span style=\"font-weight: bold;\">S\u00e1dhana<\/span> &#8211; medita\u00e7\u00e3o<\/li>\n<li><span style=\"font-weight: bold;\">Dharmashastra<\/span> &#8211; leitura de texto\/hist\u00f3ria espiritual e discuss\u00e3o aberta<\/li>\n<li><span style=\"font-weight: bold;\">Prabh\u00e1ta Samgiita<\/span> &#8211; can\u00e7\u00f5es do novo amanhecer<\/li>\n<li><span style=\"font-weight: bold;\">Samgacchadvam<\/span> &#8211; mantra para uni\u00e3o social e concentra\u00e7\u00e3o no objectivo da humanidade<\/li>\n<li><span style=\"font-weight: bold;\">Varn\u00e1rghyad\u00e1na<\/span> &#8211; oferta das cores mentais<\/li>\n<\/ul>\n<h4>Hor\u00e1rios<\/h4>\n<p>Todas as sess\u00f5es ocorrem na nossa sede na Rua das Cruzes, Funchal (ver mapa\/como chegar na sec\u00e7\u00e3o <a title=\"Locais\" href=\"http:\/\/prabhata.org\/wp50\/locais\">Locais<\/a>)<\/p>\n<ul>\n<li>Dharmachakra introdut\u00f3rio\n<ul>\n<li><strong>5\u00aa feira 19h35<\/strong><\/li>\n<\/ul>\n<\/li>\n<li>Dharmachakra\u00a0interm\u00e9dio\n<ul>\n<li><strong>3\u00aa feira 19h30<\/strong><\/li>\n<\/ul>\n<\/li>\n<li>Dharmachakra\u00a0avan\u00e7ado\n<ul>\n<li><strong>Hor\u00e1rio vari\u00e1vel<\/strong>, sendo a informa\u00e7\u00e3o enviada semanalmente, por SMS\/email, para os interessados &#8211; <a title=\"Contactos\" href=\"http:\/\/prabhata.org\/wp50\/contactos\">contactar-nos<\/a> para ser inclu\u00eddo na lista de envio do\u00a0SMS<\/li>\n<\/ul>\n<\/li>\n<\/ul>\n<h4>Inscri\u00e7\u00e3o<\/h4>\n<p>Antes da actividade telefonar ou enviar SMS\u00a0&#8211;\u00a0com no m\u00ednimo 2 horas de anteced\u00eancia &#8211; a confirmar presen\u00e7a para o\u00a0<strong>96 0000773<\/strong>. Caso seja a 1\u00aa vez, ser\u00e1 necess\u00e1rio comparecer mais cedo para uma breve introdu\u00e7\u00e3o te\u00f3rica.<\/p>\n","protected":false},"excerpt":{"rendered":"<p>Na Ananda Marga, as sess\u00f5es de medita\u00e7\u00e3o colectiva t\u00eam o nome &#8211; em s\u00e2nscrito\u00a0&#8211; de\u00a0Dharmachakra. \u201cDharma\u201d significa realiza\u00e7\u00e3o da natureza mais profunda da nossa exist\u00eancia, ou seja, o esfor\u00e7o para o\u00a0nosso desenvolvimento de modo a alcan\u00e7armos felicidade e paz plenas.\u00a0\u201cChakra\u201d significa \u201ccentro ou roda de energia\u201d.\u00a0Na Ananda Marga, o Dharmachakra \u00e9\u00a0uma das pr\u00e1ticas centrais e\u00a0visa&hellip;&nbsp;<a href=\"https:\/\/prabhata.org\/wp50\/actividades\/dharmacakra\/\" class=\"\" rel=\"bookmark\">Ler mais &raquo;<span class=\"screen-reader-text\">Medita\u00e7\u00e3o: sess\u00f5es colectivas<\/span><\/a><\/p>\n","protected":false},"author":1,"featured_media":0,"parent":16,"menu_order":9,"comment_status":"closed","ping_status":"closed","template":"","meta":{"neve_meta_sidebar":"","neve_meta_container":"","neve_meta_enable_content_width":"","neve_meta_content_width":0,"neve_meta_title_alignment":"","neve_meta_author_avatar":"","neve_post_elements_order":"","neve_meta_disable_header":"","neve_meta_disable_footer":"","neve_meta_disable_title":"","_themeisle_gutenberg_block_has_review":false,"_ti_tpc_template_sync":false,"_ti_tpc_template_id":""},"_links":{"self":[{"href":"https:\/\/prabhata.org\/wp50\/wp-json\/wp\/v2\/pages\/22"}],"collection":[{"href":"https:\/\/prabhata.org\/wp50\/wp-json\/wp\/v2\/pages"}],"about":[{"href":"https:\/\/prabhata.org\/wp50\/wp-json\/wp\/v2\/types\/page"}],"author":[{"embeddable":true,"href":"https:\/\/prabhata.org\/wp50\/wp-json\/wp\/v2\/users\/1"}],"replies":[{"embeddable":true,"href":"https:\/\/prabhata.org\/wp50\/wp-json\/wp\/v2\/comments?post=22"}],"version-history":[{"count":43,"href":"https:\/\/prabhata.org\/wp50\/wp-json\/wp\/v2\/pages\/22\/revisions"}],"predecessor-version":[{"id":3337,"href":"https:\/\/prabhata.org\/wp50\/wp-json\/wp\/v2\/pages\/22\/revisions\/3337"}],"up":[{"embeddable":true,"href":"https:\/\/prabhata.org\/wp50\/wp-json\/wp\/v2\/pages\/16"}],"wp:attachment":[{"href":"https:\/\/prabhata.org\/wp50\/wp-json\/wp\/v2\/media?parent=22"}],"curies":[{"name":"wp","href":"https:\/\/api.w.org\/{rel}","templated":true}]}}